{"id":202,"date":"2021-07-05T22:30:07","date_gmt":"2021-07-05T20:30:07","guid":{"rendered":"http:\/\/beatusmedica.com\/?page_id=202"},"modified":"2022-02-01T20:21:59","modified_gmt":"2022-02-01T19:21:59","slug":"lic-urszula-modzelewska-dietetyk","status":"publish","type":"page","link":"http:\/\/beatusmedica.com\/?page_id=202","title":{"rendered":"lic. Urszula Modzelewska-dietetyk"},"content":{"rendered":"\n<p>Jestem dyplomowan\u0105 dietetyczk\u0105, do pracy nie podchodz\u0119 z przymusu, lecz z pasji. Uko\u0144czy\u0142am studia licencjackie na Uniwersytecie Medycznym w Lublinie, obecnie dokszta\u0142cam si\u0119 na studiach magisterskich. Opr\u00f3cz studi\u00f3w regularnie ucz\u0119szczam na szkolenia, kt\u00f3rych tematyka mnie interesuje. W pracy kieruje si\u0119 podej\u015bciem holistycznym, nie ma dw\u00f3ch takich samych pacjent\u00f3w, dlatego do ka\u017cdego podchodz\u0119 inaczej. Nie mam utartego schematu pracy. Chc\u0119 pokaza\u0107 pacjentom, \u017ce dieta nie musi by\u0107 trudem, wyrzeczeniami i \u201eniedobrym jedzeniem\u201d, lecz mo\u017ce&nbsp;&nbsp;by\u0107 smaczna, prosta i przyjemna. Najwi\u0119kszym moim celem jest poprawa komfortu \u017cycia pacjent\u00f3w i modyfikacja z\u0142ych nawyk\u00f3w \u017cywieniowych.<\/p>\n\n\n\n<p>Specjalizuj\u0119 si\u0119 w dietach:<\/p>\n\n\n\n<p>Chor\u00f3b uk\u0142adu kr\u0105\u017cenia: nadci\u015bnienie t\u0119tnicze, mia\u017cd\u017cyce, hipercholesterolemie itp.<\/p>\n\n\n\n<p>Redukcyjnych w nadwadze, oty\u0142o\u015bci.<\/p>\n\n\n\n<p>Chor\u00f3b uk\u0142adu pokarmowego: choroba refluksowa , choroba wrzodowa, zaparcia, choroby w\u0105troby, zapalenia jelit.<\/p>\n\n\n\n<p>Dla cukrzycy typu II, insulinooporno\u015bci, PCOS.<\/p>\n\n\n\n<p>Eliminacyjnych w nietolerancjach pokarmowych, celiakii.<\/p>\n\n\n\n<p>Chor\u00f3b tarczycy &#8211; niedoczynno\u015b\u0107 tarczycy, choroba Hashimoto.<\/p>\n","protected":false},"excerpt":{"rendered":"<p>Jestem dyplomowan\u0105 dietetyczk\u0105, do pracy nie podchodz\u0119 z przymusu, lecz z pasji. Uko\u0144czy\u0142am studia licencjackie na Uniwersytecie Medycznym w Lublinie, obecnie dokszta\u0142cam si\u0119 na studiach magisterskich. Opr\u00f3cz studi\u00f3w regularnie ucz\u0119szczam na szkolenia, kt\u00f3rych tematyka mnie interesuje. W pracy kieruje si\u0119 podej\u015bciem holistycznym, nie ma dw\u00f3ch takich samych pacjent\u00f3w, dlatego do ka\u017cdego podchodz\u0119 inaczej. Nie mam [&hellip;]<\/p>\n","protected":false},"author":1,"featured_media":0,"parent":0,"menu_order":0,"comment_status":"closed","ping_status":"closed","template":"","meta":{"zakra_sidebar_layout":"customizer","zakra_remove_content_margin":false,"zakra_sidebar":"customizer","zakra_transparent_header":"customizer","zakra_logo":0,"zakra_main_header_style":"default","zakra_menu_item_color":"","zakra_menu_item_hover_color":"","zakra_menu_item_active_color":"","zakra_menu_active_style":"zakra_menu_active_style","zakra_page_header":true,"footnotes":""},"class_list":["post-202","page","type-page","status-publish","hentry"],"_links":{"self":[{"href":"http:\/\/beatusmedica.com\/index.php?rest_route=\/wp\/v2\/pages\/202","targetHints":{"allow":["GET"]}}],"collection":[{"href":"http:\/\/beatusmedica.com\/index.php?rest_route=\/wp\/v2\/pages"}],"about":[{"href":"http:\/\/beatusmedica.com\/index.php?rest_route=\/wp\/v2\/types\/page"}],"author":[{"embeddable":true,"href":"http:\/\/beatusmedica.com\/index.php?rest_route=\/wp\/v2\/users\/1"}],"replies":[{"embeddable":true,"href":"http:\/\/beatusmedica.com\/index.php?rest_route=%2Fwp%2Fv2%2Fcomments&post=202"}],"version-history":[{"count":1,"href":"http:\/\/beatusmedica.com\/index.php?rest_route=\/wp\/v2\/pages\/202\/revisions"}],"predecessor-version":[{"id":203,"href":"http:\/\/beatusmedica.com\/index.php?rest_route=\/wp\/v2\/pages\/202\/revisions\/203"}],"wp:attachment":[{"href":"http:\/\/beatusmedica.com\/index.php?rest_route=%2Fwp%2Fv2%2Fmedia&parent=202"}],"curies":[{"name":"wp","href":"https:\/\/api.w.org\/{rel}","templated":true}]}}