{"id":2,"date":"2021-01-06T13:31:24","date_gmt":"2021-01-06T12:31:24","guid":{"rendered":"http:\/\/beatusmedica.com\/?page_id=2"},"modified":"2023-05-20T15:17:18","modified_gmt":"2023-05-20T13:17:18","slug":"przykladowa-strona","status":"publish","type":"page","link":"https:\/\/beatusmedica.com\/","title":{"rendered":"Beatus Medica"},"content":{"rendered":"\n\n\n<p><strong>Gabinet Kardiologiczny dr n.med. Beata Tata\u0142aj-Pastuszak.<\/strong><\/p>\n\n\n\n<p>Podstawowe us\u0142ugi:<\/p>\n\n\n\n<ul class=\"wp-block-list\">\n<li>specjalistyczne konsultacje kardiologiczne + EKG,<\/li>\n\n\n\n<li>telefoniczna porada kardiologiczna,<\/li>\n\n\n\n<li>badania echokardiograficzne serca,<\/li>\n\n\n\n<li>badania EKG ca\u0142odobowe z mo\u017cliwo\u015bci\u0105 rejestracji zapisu pracy serca od 1 do 7-miu dni,<\/li>\n\n\n\n<li>ca\u0142odobowa rejestracja ci\u015bnienia t\u0119tniczego,<\/li>\n\n\n\n<li>test wysi\u0142kowy EKG na bie\u017cni.<\/li>\n<\/ul>\n\n\n\n<p>Dodatkowo gabinet oferuje mo\u017cliwo\u015b\u0107:<\/p>\n\n\n\n<ul class=\"wp-block-list\">\n<li>specjalistycznych konsultacji neurologicznych,<\/li>\n\n\n\n<li>konsultacji dietetycznych,<\/li>\n\n\n\n<li>konsultacji psychologicznych.<\/li>\n<\/ul>\n\n\n\n<p>Plac\u00f3wka umo\u017cliwia dost\u0119p do specjalist\u00f3w z odpowiednim do\u015bwiadczeniem w powy\u017cszych zakresach.<\/p>\n\n\n\n<hr class=\"wp-block-separator has-css-opacity\"\/>\n\n\n\n<p>Wszystkie oferowane us\u0142ugi s\u0105 pe\u0142nop\u0142atne.<\/p>\n\n\n\n<p class=\"has-text-align-center\"><strong>Poradnia czynna \u00a0od poniedzia\u0142ku do pi\u0105tku od 11:00 do 19:00<\/strong><\/p>\n\n\n\n<p class=\"has-text-align-center\"><\/p>\n","protected":false},"excerpt":{"rendered":"<p>Gabinet Kardiologiczny dr n.med. Beata Tata\u0142aj-Pastuszak. Podstawowe us\u0142ugi: Dodatkowo gabinet oferuje mo\u017cliwo\u015b\u0107: Plac\u00f3wka umo\u017cliwia dost\u0119p do specjalist\u00f3w z odpowiednim do\u015bwiadczeniem w powy\u017cszych zakresach. Wszystkie oferowane us\u0142ugi s\u0105 pe\u0142nop\u0142atne. Poradnia czynna \u00a0od poniedzia\u0142ku do pi\u0105tku od 11:00 do 19:00<\/p>\n","protected":false},"author":1,"featured_media":0,"parent":0,"menu_order":0,"comment_status":"closed","ping_status":"open","template":"","meta":{"zakra_sidebar_layout":"customizer","zakra_remove_content_margin":false,"zakra_sidebar":"customizer","zakra_transparent_header":"customizer","zakra_logo":0,"zakra_main_header_style":"default","zakra_menu_item_color":"","zakra_menu_item_hover_color":"","zakra_menu_item_active_color":"","zakra_menu_active_style":"zakra_menu_active_style","zakra_page_header":true,"footnotes":""},"class_list":["post-2","page","type-page","status-publish","hentry"],"_links":{"self":[{"href":"https:\/\/beatusmedica.com\/index.php?rest_route=\/wp\/v2\/pages\/2","targetHints":{"allow":["GET"]}}],"collection":[{"href":"https:\/\/beatusmedica.com\/index.php?rest_route=\/wp\/v2\/pages"}],"about":[{"href":"https:\/\/beatusmedica.com\/index.php?rest_route=\/wp\/v2\/types\/page"}],"author":[{"embeddable":true,"href":"https:\/\/beatusmedica.com\/index.php?rest_route=\/wp\/v2\/users\/1"}],"replies":[{"embeddable":true,"href":"https:\/\/beatusmedica.com\/index.php?rest_route=%2Fwp%2Fv2%2Fcomments&post=2"}],"version-history":[{"count":20,"href":"https:\/\/beatusmedica.com\/index.php?rest_route=\/wp\/v2\/pages\/2\/revisions"}],"predecessor-version":[{"id":257,"href":"https:\/\/beatusmedica.com\/index.php?rest_route=\/wp\/v2\/pages\/2\/revisions\/257"}],"wp:attachment":[{"href":"https:\/\/beatusmedica.com\/index.php?rest_route=%2Fwp%2Fv2%2Fmedia&parent=2"}],"curies":[{"name":"wp","href":"https:\/\/api.w.org\/{rel}","templated":true}]}}